{"id":2549,"date":"2025-10-11T13:47:36","date_gmt":"2025-10-11T11:47:36","guid":{"rendered":"https:\/\/foglalas.halaszbastya.eu\/our-history\/"},"modified":"2026-01-13T12:01:41","modified_gmt":"2026-01-13T11:01:41","slug":"our-history","status":"publish","type":"page","link":"https:\/\/foglalas.halaszbastya.eu\/en\/our-history\/","title":{"rendered":"Our History"},"content":{"rendered":"\t\t<div data-elementor-type=\"wp-page\" data-elementor-id=\"2549\" class=\"elementor elementor-2549 elementor-2444\" data-elementor-post-type=\"page\">\n\t\t\t\t<div class=\"elementor-element elementor-element-7dbb33e3 e-con-full e-flex e-con e-parent\" data-id=\"7dbb33e3\" data-element_type=\"container\" data-e-type=\"container\" data-settings=\"{&quot;jet_parallax_layout_list&quot;:[]}\">\n\t\t<div class=\"elementor-element elementor-element-19751f1f e-con-full darkeroly e-flex e-con e-child\" data-id=\"19751f1f\" data-element_type=\"container\" data-e-type=\"container\" data-settings=\"{&quot;background_background&quot;:&quot;classic&quot;,&quot;jet_parallax_layout_list&quot;:[]}\">\n\t\t<div class=\"elementor-element elementor-element-515e7105 e-con-full animated-slow e-flex elementor-invisible e-con e-child\" data-id=\"515e7105\" data-element_type=\"container\" data-e-type=\"container\" data-settings=\"{&quot;animation&quot;:&quot;fadeIn&quot;,&quot;jet_parallax_layout_list&quot;:[],&quot;animation_tablet&quot;:&quot;none&quot;}\">\n\t\t\t\t<div class=\"elementor-element elementor-element-22ea0101 elementor-widget__width-initial elementor-cta--valign-top fixed-underline2 animated-slow elementor-cta--skin-classic elementor-animated-content elementor-bg-transform elementor-bg-transform-zoom-in elementor-invisible elementor-widget elementor-widget-call-to-action\" data-id=\"22ea0101\" data-element_type=\"widget\" data-e-type=\"widget\" data-settings=\"{&quot;_animation&quot;:&quot;fadeIn&quot;,&quot;_animation_delay&quot;:600,&quot;_animation_tablet&quot;:&quot;none&quot;}\" data-widget_type=\"call-to-action.default\">\n\t\t\t\t\t\t\t<a class=\"elementor-cta\" href=\"#history\">\n\t\t\t\t\t\t\t<div class=\"elementor-cta__content\">\n\t\t\t\t\n\t\t\t\t\t\t\t\t\t<h2 class=\"elementor-cta__title elementor-cta__content-item elementor-content-item\">\n\t\t\t\t\t\tHistory of the Fisherman's Bastion\t\t\t\t\t<\/h2>\n\t\t\t\t\n\t\t\t\t\n\t\t\t\t\t\t\t\t\t<div class=\"elementor-cta__button-wrapper elementor-cta__content-item elementor-content-item \">\n\t\t\t\t\t<span class=\"elementor-cta__button elementor-button elementor-size-\">\n\t\t\t\t\t\tDetails\t\t\t\t\t<\/span>\n\t\t\t\t\t<\/div>\n\t\t\t\t\t\t\t<\/div>\n\t\t\t\t\t\t<\/a>\n\t\t\t\t\t\t<\/div>\n\t\t\t\t<\/div>\n\t\t\t\t<\/div>\n\t\t\t\t<\/div>\n\t\t<div class=\"elementor-element elementor-element-6e0a7f31 e-flex e-con-boxed e-con e-parent\" data-id=\"6e0a7f31\" data-element_type=\"container\" data-e-type=\"container\" id=\"arkadsor\" data-settings=\"{&quot;background_background&quot;:&quot;classic&quot;,&quot;jet_parallax_layout_list&quot;:[]}\">\n\t\t\t\t\t<div class=\"e-con-inner\">\n\t\t\t\t<div class=\"elementor-element elementor-element-b975cec elementor-widget elementor-widget-jet-timeline\" data-id=\"b975cec\" data-element_type=\"widget\" data-e-type=\"widget\" id=\"history\" data-widget_type=\"jet-timeline.default\">\n\t\t\t\t<div class=\"elementor-widget-container\">\n\t\t\t\t\t<div class=\"elementor-jet-timeline jet-elements\"><div class=\"jet-timeline jet-timeline--align-center jet-timeline--align-middle\">\n\t<div class=\"jet-timeline__line\"><div class=\"jet-timeline__line-progress\"><\/div><\/div>\n\t<div class=\"jet-timeline-list\"><div class=\"jet-timeline-item jet-timeline-item--animated elementor-repeater-item-b7c1e6e jet-timeline-item--image-inside\">\n\t<div class=\"timeline-item__card\">\n\t\t<div class=\"timeline-item__card-inner\">\n\t\t\t\t<div class=\"timeline-item__card-img\"><img fetchpriority=\"high\" decoding=\"async\" width=\"659\" height=\"296\" src=\"https:\/\/foglalas.halaszbastya.eu\/wp-content\/uploads\/2025\/10\/history_1.jpg\" class=\"attachment-full size-full wp-image-2504\" alt=\"\" srcset=\"https:\/\/foglalas.halaszbastya.eu\/wp-content\/uploads\/2025\/10\/history_1.jpg 659w, https:\/\/foglalas.halaszbastya.eu\/wp-content\/uploads\/2025\/10\/history_1-300x135.jpg 300w\" sizes=\"(max-width: 659px) 100vw, 659px\" \/><\/div>\t\t\t\t<div class=\"timeline-item__card-content\">\n\t\t\t\t\t<div class=\"timeline-item__meta\"><div class=\"timeline-item__meta-content\">- 1890<\/div><\/div><h5 class=\"timeline-item__card-title\">From Fortress to Cultural Center<\/h5><div class=\"timeline-item__card-desc\">For centuries, a section of the Buda Castle wall stood on the site of today's Fisherman's Bastion, which served to defend the city and primarily fulfilled military purposes from the Middle Ages until the 19th century. The castle's role as a fortress gradually diminished over the century: in 1874, it officially lost its military function, and the civilian transformation of the area began. The Castle District then started to function as an urban and cultural space, with promenades, viewpoints, and prominent urban developments emerging. This shift in perspective laid the foundation for the later construction of the Fisherman's Bastion.    <\/div>\t\t\t\t<\/div>\n\t\t\t\t\t\t<\/div>\n\t\t<div class=\"timeline-item__card-arrow\"><\/div>\n\t<\/div>\n\t<div class=\"timeline-item__point\"><div class=\"timeline-item__point-content timeline-item__point-content--text\">I<\/div><\/div><div class=\"timeline-item__meta\"><div class=\"timeline-item__meta-content\">- 1890<\/div><\/div><\/div><div class=\"jet-timeline-item jet-timeline-item--animated elementor-repeater-item-4ebb2e4 jet-timeline-item--image-inside\">\n\t<div class=\"timeline-item__card\">\n\t\t<div class=\"timeline-item__card-inner\">\n\t\t\t\t<div class=\"timeline-item__card-img\"><img decoding=\"async\" width=\"659\" height=\"296\" src=\"https:\/\/foglalas.halaszbastya.eu\/wp-content\/uploads\/2025\/10\/history_2.jpg\" class=\"attachment-full size-full wp-image-2506\" alt=\"\" srcset=\"https:\/\/foglalas.halaszbastya.eu\/wp-content\/uploads\/2025\/10\/history_2.jpg 659w, https:\/\/foglalas.halaszbastya.eu\/wp-content\/uploads\/2025\/10\/history_2-300x135.jpg 300w\" sizes=\"(max-width: 659px) 100vw, 659px\" \/><\/div>\t\t\t\t<div class=\"timeline-item__card-content\">\n\t\t\t\t\t<div class=\"timeline-item__meta\"><div class=\"timeline-item__meta-content\">1890 - 1945<\/div><\/div><h5 class=\"timeline-item__card-title\">Construction of the Fisherman's Bastion<\/h5><div class=\"timeline-item__card-desc\">At the end of the 19th century, the construction of the Fisherman's Bastion in Neo-Romanesque style began based on the plans of Frigyes Schulek. Construction started in the 1890s, the main structural elements were completed by the turn of the century, and then in 1905, it was ceremoniously opened to the public. The bastion evokes the atmosphere of medieval castles, but from the outset, it served as a viewpoint and promenade, not a defensive structure. It was also at this time that Alajos Str\u00f3bl's statue of Saint Stephen was placed there, becoming a central element of the architectural complex.    <\/div>\t\t\t\t<\/div>\n\t\t\t\t\t\t<\/div>\n\t\t<div class=\"timeline-item__card-arrow\"><\/div>\n\t<\/div>\n\t<div class=\"timeline-item__point\"><div class=\"timeline-item__point-content timeline-item__point-content--text\">II<\/div><\/div><div class=\"timeline-item__meta\"><div class=\"timeline-item__meta-content\">1890 - 1945<\/div><\/div><\/div><div class=\"jet-timeline-item jet-timeline-item--animated elementor-repeater-item-a63657f jet-timeline-item--image-inside\">\n\t<div class=\"timeline-item__card\">\n\t\t<div class=\"timeline-item__card-inner\">\n\t\t\t\t<div class=\"timeline-item__card-img\"><img decoding=\"async\" width=\"659\" height=\"296\" src=\"https:\/\/foglalas.halaszbastya.eu\/wp-content\/uploads\/2025\/10\/history_3.jpg\" class=\"attachment-full size-full wp-image-2508\" alt=\"\" srcset=\"https:\/\/foglalas.halaszbastya.eu\/wp-content\/uploads\/2025\/10\/history_3.jpg 659w, https:\/\/foglalas.halaszbastya.eu\/wp-content\/uploads\/2025\/10\/history_3-300x135.jpg 300w\" sizes=\"(max-width: 659px) 100vw, 659px\" \/><\/div>\t\t\t\t<div class=\"timeline-item__card-content\">\n\t\t\t\t\t<div class=\"timeline-item__meta\"><div class=\"timeline-item__meta-content\">1945 - 1987<\/div><\/div><h5 class=\"timeline-item__card-title\">Destruction and Rebirth<\/h5><div class=\"timeline-item__card-desc\">During World War II, the building suffered severe damage, and then it was restored in several phases until 1987. J\u00e1nos Schulek, the son of the architect, directed the reconstruction, the main phase of which concluded in the 1950s. In the 1980s, further renovations began, including the cleaning of stone surfaces and structural reinforcement. Thanks to these efforts, the Fisherman's Bastion once again became one of Budapest's most visited attractions. In 1987, it was declared a UNESCO World Heritage site along with the Buda Castle District.    <\/div>\t\t\t\t<\/div>\n\t\t\t\t\t\t<\/div>\n\t\t<div class=\"timeline-item__card-arrow\"><\/div>\n\t<\/div>\n\t<div class=\"timeline-item__point\"><div class=\"timeline-item__point-content timeline-item__point-content--text\">III<\/div><\/div><div class=\"timeline-item__meta\"><div class=\"timeline-item__meta-content\">1945 - 1987<\/div><\/div><\/div><div class=\"jet-timeline-item jet-timeline-item--animated elementor-repeater-item-af182e2 jet-timeline-item--image-inside\">\n\t<div class=\"timeline-item__card\">\n\t\t<div class=\"timeline-item__card-inner\">\n\t\t\t\t<div class=\"timeline-item__card-img\"><img loading=\"lazy\" decoding=\"async\" width=\"659\" height=\"296\" src=\"https:\/\/foglalas.halaszbastya.eu\/wp-content\/uploads\/2025\/10\/history_4.jpg\" class=\"attachment-full size-full wp-image-2510\" alt=\"\" srcset=\"https:\/\/foglalas.halaszbastya.eu\/wp-content\/uploads\/2025\/10\/history_4.jpg 659w, https:\/\/foglalas.halaszbastya.eu\/wp-content\/uploads\/2025\/10\/history_4-300x135.jpg 300w\" sizes=\"(max-width: 659px) 100vw, 659px\" \/><\/div>\t\t\t\t<div class=\"timeline-item__card-content\">\n\t\t\t\t\t<div class=\"timeline-item__meta\"><div class=\"timeline-item__meta-content\">1987 - 2006<\/div><\/div><h5 class=\"timeline-item__card-title\">Period of Renewal<\/h5><div class=\"timeline-item__card-desc\">The local government and heritage protection continued maintenance and restoration in several phases. The bastion walls, staircases, and the area around the church were renewed. By the turn of the millennium, the Fisherman's Bastion had become not only a historical monument but also an active part of the city's cultural life.  <\/div>\t\t\t\t<\/div>\n\t\t\t\t\t\t<\/div>\n\t\t<div class=\"timeline-item__card-arrow\"><\/div>\n\t<\/div>\n\t<div class=\"timeline-item__point\"><div class=\"timeline-item__point-content timeline-item__point-content--text\">IV<\/div><\/div><div class=\"timeline-item__meta\"><div class=\"timeline-item__meta-content\">1987 - 2006<\/div><\/div><\/div><div class=\"jet-timeline-item jet-timeline-item--animated elementor-repeater-item-661c216 jet-timeline-item--image-inside\">\n\t<div class=\"timeline-item__card\">\n\t\t<div class=\"timeline-item__card-inner\">\n\t\t\t\t<div class=\"timeline-item__card-img\"><img loading=\"lazy\" decoding=\"async\" width=\"659\" height=\"296\" src=\"https:\/\/foglalas.halaszbastya.eu\/wp-content\/uploads\/2025\/10\/history_5.jpg\" class=\"attachment-full size-full wp-image-2512\" alt=\"\" srcset=\"https:\/\/foglalas.halaszbastya.eu\/wp-content\/uploads\/2025\/10\/history_5.jpg 659w, https:\/\/foglalas.halaszbastya.eu\/wp-content\/uploads\/2025\/10\/history_5-300x135.jpg 300w\" sizes=\"(max-width: 659px) 100vw, 659px\" \/><\/div>\t\t\t\t<div class=\"timeline-item__card-content\">\n\t\t\t\t\t<div class=\"timeline-item__meta\"><div class=\"timeline-item__meta-content\">2007<\/div><\/div><h5 class=\"timeline-item__card-title\">Restaurant Plans<\/h5><div class=\"timeline-item__card-desc\">The Buda Castle Municipality issued a tender for the renovation and repurposing of the northern section of the Fisherman's Bastion. The winner was Magyar Hal\u00e1szb\u00e1stya \u00c9tterem\u00fczemeltet\u0151 Kft., which signed the contract with the municipality that same year. The goal was to create a modern, elegant dining venue while preserving the monument's historical value, thus infusing the historic building with new functions and life.   <\/div>\t\t\t\t<\/div>\n\t\t\t\t\t\t<\/div>\n\t\t<div class=\"timeline-item__card-arrow\"><\/div>\n\t<\/div>\n\t<div class=\"timeline-item__point\"><div class=\"timeline-item__point-content timeline-item__point-content--text\">V<\/div><\/div><div class=\"timeline-item__meta\"><div class=\"timeline-item__meta-content\">2007<\/div><\/div><\/div><div class=\"jet-timeline-item jet-timeline-item--animated elementor-repeater-item-b4ca06f jet-timeline-item--image-inside\">\n\t<div class=\"timeline-item__card\">\n\t\t<div class=\"timeline-item__card-inner\">\n\t\t\t\t<div class=\"timeline-item__card-img\"><img loading=\"lazy\" decoding=\"async\" width=\"659\" height=\"296\" src=\"https:\/\/foglalas.halaszbastya.eu\/wp-content\/uploads\/2025\/10\/history_6.jpg\" class=\"attachment-full size-full wp-image-2514\" alt=\"\" srcset=\"https:\/\/foglalas.halaszbastya.eu\/wp-content\/uploads\/2025\/10\/history_6.jpg 659w, https:\/\/foglalas.halaszbastya.eu\/wp-content\/uploads\/2025\/10\/history_6-300x135.jpg 300w\" sizes=\"(max-width: 659px) 100vw, 659px\" \/><\/div>\t\t\t\t<div class=\"timeline-item__card-content\">\n\t\t\t\t\t<div class=\"timeline-item__meta\"><div class=\"timeline-item__meta-content\">2010<\/div><\/div><h5 class=\"timeline-item__card-title\">Fisherman's Bastion Restaurant<\/h5><div class=\"timeline-item__card-desc\">This marked the completion of the project and the handover of the renewed Fisherman's Bastion. Following a long permitting process, the renovated northern section and the H\u00edrad\u00e1s Tower officially opened on September 23rd, covering an area of approximately 1,800 square meters. With this, the building entered a new era: it remained one of the city's most beautiful panoramic viewpoints while also becoming a cultural and gastronomic center.  <\/div>\t\t\t\t<\/div>\n\t\t\t\t\t\t<\/div>\n\t\t<div class=\"timeline-item__card-arrow\"><\/div>\n\t<\/div>\n\t<div class=\"timeline-item__point\"><div class=\"timeline-item__point-content timeline-item__point-content--text\">VI<\/div><\/div><div class=\"timeline-item__meta\"><div class=\"timeline-item__meta-content\">2010<\/div><\/div><\/div><div class=\"jet-timeline-item jet-timeline-item--animated elementor-repeater-item-f40d124 jet-timeline-item--image-inside\">\n\t<div class=\"timeline-item__card\">\n\t\t<div class=\"timeline-item__card-inner\">\n\t\t\t\t<div class=\"timeline-item__card-img\"><img loading=\"lazy\" decoding=\"async\" width=\"659\" height=\"296\" src=\"https:\/\/foglalas.halaszbastya.eu\/wp-content\/uploads\/2025\/10\/history_7.jpg\" class=\"attachment-full size-full wp-image-2516\" alt=\"\" srcset=\"https:\/\/foglalas.halaszbastya.eu\/wp-content\/uploads\/2025\/10\/history_7.jpg 659w, https:\/\/foglalas.halaszbastya.eu\/wp-content\/uploads\/2025\/10\/history_7-300x135.jpg 300w\" sizes=\"(max-width: 659px) 100vw, 659px\" \/><\/div>\t\t\t\t<div class=\"timeline-item__card-content\">\n\t\t\t\t\t<div class=\"timeline-item__meta\"><div class=\"timeline-item__meta-content\">2021 -<\/div><\/div><h5 class=\"timeline-item__card-title\">Fisherman's Bastion Today<\/h5><div class=\"timeline-item__card-desc\">Further developments have taken place: online ticket purchasing was introduced, the visitor system was modernized, and the upper viewing level was made free of charge periodically. Thus, the Fisherman's Bastion remains a living symbol of Budapest's history, where the legacy of the past and the experiences of the present meet. <\/div>\t\t\t\t<\/div>\n\t\t\t\t\t\t<\/div>\n\t\t<div class=\"timeline-item__card-arrow\"><\/div>\n\t<\/div>\n\t<div class=\"timeline-item__point\"><div class=\"timeline-item__point-content timeline-item__point-content--text\">VII<\/div><\/div><div class=\"timeline-item__meta\"><div class=\"timeline-item__meta-content\">2021 -<\/div><\/div><\/div><\/div><\/div><\/div>\t\t\t\t<\/div>\n\t\t\t\t<\/div>\n\t\t\t\t\t<\/div>\n\t\t\t\t<\/div>\n\t\t\t\t<\/div>\n\t\t","protected":false},"excerpt":{"rendered":"<p>History of the Fisherman&#8217;s Bastion Details &#8211; 1890 From Fortress to Cultural Center For centuries, a section of the Buda Castle wall stood on the site of today&#8217;s Fisherman&#8217;s Bastion, which served to defend the city and primarily fulfilled military purposes from the Middle Ages until the 19th century. The castle&#8217;s role as a fortress [&hellip;]<\/p>\n","protected":false},"author":2,"featured_media":0,"parent":0,"menu_order":0,"comment_status":"closed","ping_status":"closed","template":"elementor_header_footer","meta":{"_jet_sm_ready_style":"","_jet_sm_style":"","_jet_sm_controls_values":"","_jet_sm_fonts_collection":"","_jet_sm_fonts_links":"","footnotes":""},"class_list":["post-2549","page","type-page","status-publish","hentry"],"_links":{"self":[{"href":"https:\/\/foglalas.halaszbastya.eu\/en\/wp-json\/wp\/v2\/pages\/2549","targetHints":{"allow":["GET"]}}],"collection":[{"href":"https:\/\/foglalas.halaszbastya.eu\/en\/wp-json\/wp\/v2\/pages"}],"about":[{"href":"https:\/\/foglalas.halaszbastya.eu\/en\/wp-json\/wp\/v2\/types\/page"}],"author":[{"embeddable":true,"href":"https:\/\/foglalas.halaszbastya.eu\/en\/wp-json\/wp\/v2\/users\/2"}],"replies":[{"embeddable":true,"href":"https:\/\/foglalas.halaszbastya.eu\/en\/wp-json\/wp\/v2\/comments?post=2549"}],"version-history":[{"count":2,"href":"https:\/\/foglalas.halaszbastya.eu\/en\/wp-json\/wp\/v2\/pages\/2549\/revisions"}],"predecessor-version":[{"id":3969,"href":"https:\/\/foglalas.halaszbastya.eu\/en\/wp-json\/wp\/v2\/pages\/2549\/revisions\/3969"}],"wp:attachment":[{"href":"https:\/\/foglalas.halaszbastya.eu\/en\/wp-json\/wp\/v2\/media?parent=2549"}],"curies":[{"name":"wp","href":"https:\/\/api.w.org\/{rel}","templated":true}]}}